{"id":8,"date":"2021-10-14T12:33:25","date_gmt":"2021-10-14T11:33:25","guid":{"rendered":"https:\/\/www.nooliberec.cz\/?page_id=8"},"modified":"2023-12-22T13:59:43","modified_gmt":"2023-12-22T12:59:43","slug":"kontakt","status":"publish","type":"page","link":"https:\/\/www.nooliberec.cz\/index.php\/kontakt\/","title":{"rendered":"Kontakty"},"content":{"rendered":"\n<div class=\"wp-block-group\"><div class=\"wp-block-group__inner-container is-layout-flow wp-block-group-is-layout-flow\">\n<figure class=\"wp-block-table is-style-regular\"><table><tbody><tr><td class=\"has-text-align-center\" data-align=\"center\"> p\u0159edseda p\u0159edsednictva<br> NOO P\u010cR Liberec<br>a viceprezident KOOBS <\/td><td class=\"has-text-align-center\" data-align=\"center\">1. m\u00edstop\u0159edseda p\u0159edsednictva <br>NOO P\u010cR Liberec<br><\/td><td class=\"has-text-align-center\" data-align=\"center\"> hospod\u00e1\u0159<br>NOO P\u010cR Liberec <\/td><\/tr><tr><td class=\"has-text-align-center\" data-align=\"center\"><img loading=\"lazy\" decoding=\"async\" width=\"180\" height=\"192\" class=\"wp-image-131\" style=\"width: 180px;\" src=\"https:\/\/www.nooliberec.cz\/wp-content\/uploads\/2021\/11\/JirkaZavoral.png\" alt=\"\" srcset=\"https:\/\/www.nooliberec.cz\/wp-content\/uploads\/2021\/11\/JirkaZavoral.png 300w, https:\/\/www.nooliberec.cz\/wp-content\/uploads\/2021\/11\/JirkaZavoral-281x300.png 281w\" sizes=\"auto, (max-width: 180px) 100vw, 180px\" \/><\/td><td class=\"has-text-align-center\" data-align=\"center\"><img loading=\"lazy\" decoding=\"async\" width=\"180\" height=\"145\" class=\"wp-image-368\" style=\"width: 180px;\" src=\"https:\/\/www.nooliberec.cz\/wp-content\/uploads\/2023\/03\/Linke-scaled.jpg\" alt=\"\" srcset=\"https:\/\/www.nooliberec.cz\/wp-content\/uploads\/2023\/03\/Linke-scaled.jpg 2560w, https:\/\/www.nooliberec.cz\/wp-content\/uploads\/2023\/03\/Linke-300x242.jpg 300w, https:\/\/www.nooliberec.cz\/wp-content\/uploads\/2023\/03\/Linke-1024x824.jpg 1024w, https:\/\/www.nooliberec.cz\/wp-content\/uploads\/2023\/03\/Linke-768x618.jpg 768w, https:\/\/www.nooliberec.cz\/wp-content\/uploads\/2023\/03\/Linke-1536x1237.jpg 1536w, https:\/\/www.nooliberec.cz\/wp-content\/uploads\/2023\/03\/Linke-2048x1649.jpg 2048w\" sizes=\"auto, (max-width: 180px) 100vw, 180px\" \/><\/td><td class=\"has-text-align-center\" data-align=\"center\"><figure class=\"wp-block-image size-full\"><img loading=\"lazy\" decoding=\"async\" width=\"180\" height=\"189\" src=\"https:\/\/www.nooliberec.cz\/wp-content\/uploads\/2021\/11\/ZdenekBarton.png\" alt=\"\" class=\"wp-image-132\" style=\"width: 180px;\" srcset=\"https:\/\/www.nooliberec.cz\/wp-content\/uploads\/2021\/11\/ZdenekBarton.png 300w, https:\/\/www.nooliberec.cz\/wp-content\/uploads\/2021\/11\/ZdenekBarton-286x300.png 286w\" sizes=\"auto, (max-width: 180px) 100vw, 180px\" \/><\/figure><\/td><\/tr><tr><td class=\"has-text-align-center\" data-align=\"center\"><strong>kpt. Bc. Ji\u0159\u00ed Zavoral<\/strong><br>telefon:<br>974461351<br>725828924<br>mail:<br><a href=\"mailto:jiri.zavoral@pcr.cz\">jiri.zavoral@pcr.cz<\/a><\/td><td class=\"has-text-align-center\" data-align=\"center\"><strong>ppor. Miroslav Linke<\/strong><br>telefon:<br>974466611<br>777180690<br>mail:<br><a href=\"mailto:miroslav.linke@pcr.cz\">miroslav.linke@pcr.cz<\/a><\/td><td class=\"has-text-align-center\" data-align=\"center\"><strong>Bc. Zden\u011bk Barto\u0148<\/strong><br>telefon:<br>950132481<br>606601110<br>mail:<br><a href=\"mailto:zdenek.barton@uradprace.cz\">zdenek.barton@uradprace.cz<\/a><\/td><\/tr><\/tbody><\/table><\/figure>\n<\/div><\/div>\n\n\n<div class=\"wp-block-image\">\n<figure class=\"aligncenter size-large\"><img loading=\"lazy\" decoding=\"async\" width=\"1024\" height=\"13\" src=\"https:\/\/www.nooliberec.cz\/wp-content\/uploads\/2021\/12\/podtrzeni_NOO-1024x13.png\" alt=\"\" class=\"wp-image-178\" srcset=\"https:\/\/www.nooliberec.cz\/wp-content\/uploads\/2021\/12\/podtrzeni_NOO-1024x13.png 1024w, https:\/\/www.nooliberec.cz\/wp-content\/uploads\/2021\/12\/podtrzeni_NOO-300x4.png 300w, https:\/\/www.nooliberec.cz\/wp-content\/uploads\/2021\/12\/podtrzeni_NOO-768x10.png 768w, https:\/\/www.nooliberec.cz\/wp-content\/uploads\/2021\/12\/podtrzeni_NOO-1536x19.png 1536w, https:\/\/www.nooliberec.cz\/wp-content\/uploads\/2021\/12\/podtrzeni_NOO.png 1899w\" sizes=\"auto, (max-width: 1024px) 100vw, 1024px\" \/><\/figure>\n<\/div>\n\n\n<figure class=\"wp-block-table\"><table><tbody><tr><td class=\"has-text-align-center\" data-align=\"center\"> \u010dlen v\u00fdboru NOO P\u010cR Liberec<br>p\u0159edseda podv\u00fdboru pro Celn\u00ed spr\u00e1vu<\/td><td class=\"has-text-align-center\" data-align=\"center\">kontakt s&nbsp;oper\u00e1torem Vodafone<\/td><\/tr><tr><td class=\"has-text-align-center\" data-align=\"center\"><img loading=\"lazy\" decoding=\"async\" width=\"150\" height=\"193\" class=\"wp-image-150\" style=\"width: 150px;\" src=\"https:\/\/www.nooliberec.cz\/wp-content\/uploads\/2021\/11\/JanMaly.png\" alt=\"\" srcset=\"https:\/\/www.nooliberec.cz\/wp-content\/uploads\/2021\/11\/JanMaly.png 300w, https:\/\/www.nooliberec.cz\/wp-content\/uploads\/2021\/11\/JanMaly-233x300.png 233w\" sizes=\"auto, (max-width: 150px) 100vw, 150px\" \/><\/td><td class=\"has-text-align-center\" data-align=\"center\"><img loading=\"lazy\" decoding=\"async\" width=\"180\" height=\"195\" class=\"wp-image-154\" style=\"width: 180px;\" src=\"https:\/\/www.nooliberec.cz\/wp-content\/uploads\/2021\/11\/RadekDesko.png\" alt=\"\" srcset=\"https:\/\/www.nooliberec.cz\/wp-content\/uploads\/2021\/11\/RadekDesko.png 300w, https:\/\/www.nooliberec.cz\/wp-content\/uploads\/2021\/11\/RadekDesko-277x300.png 277w\" sizes=\"auto, (max-width: 180px) 100vw, 180px\" \/><\/td><\/tr><tr><td class=\"has-text-align-center\" data-align=\"center\"><strong>prap.&nbsp;Jan Mal\u00fd<\/strong><br>telefon:<br>485218277<br>606362271<br>mail:<br><a href=\"mailto:jmaly@cs.mfcr.cz\" data-type=\"mailto\" data-id=\"mailto:jmaly@cs.mfcr.cz\">jmaly@cs.mfcr.cz<\/a><\/td><td class=\"has-text-align-center\" data-align=\"center\"><strong>por. Bc. Radek De\u0161ko<\/strong><br>telefon:<br>974466442<br>608124265<br>mail:<br><a href=\"mailto:radek.desko@pcr.cz\">radek.desko@pcr.cz<\/a><\/td><\/tr><\/tbody><\/table><\/figure>\n\n\n","protected":false},"excerpt":{"rendered":"<p>p\u0159edseda p\u0159edsednictva NOO P\u010cR Libereca viceprezident KOOBS 1. m\u00edstop\u0159edseda p\u0159edsednictva NOO P\u010cR Liberec hospod\u00e1\u0159NOO P\u010cR Liberec kpt. Bc. Ji\u0159\u00ed Zavoraltelefon:974461351725828924mail:jiri.zavoral@pcr.cz ppor. Miroslav Linketelefon:974466611777180690mail:miroslav.linke@pcr.cz Bc. Zden\u011bk Barto\u0148telefon:950132481606601110mail:zdenek.barton@uradprace.cz \u010dlen v\u00fdboru NOO P\u010cR Liberecp\u0159edseda podv\u00fdboru pro Celn\u00ed spr\u00e1vu kontakt s&nbsp;oper\u00e1torem Vodafone prap.&nbsp;Jan Mal\u00fdtelefon:485218277606362271mail:jmaly@cs.mfcr.cz por. Bc. Radek De\u0161kotelefon:974466442608124265mail:radek.desko@pcr.cz<\/p>\n","protected":false},"author":1,"featured_media":0,"parent":0,"menu_order":0,"comment_status":"closed","ping_status":"closed","template":"","meta":{"footnotes":""},"class_list":["post-8","page","type-page","status-publish","hentry"],"_links":{"self":[{"href":"https:\/\/www.nooliberec.cz\/index.php\/wp-json\/wp\/v2\/pages\/8","targetHints":{"allow":["GET"]}}],"collection":[{"href":"https:\/\/www.nooliberec.cz\/index.php\/wp-json\/wp\/v2\/pages"}],"about":[{"href":"https:\/\/www.nooliberec.cz\/index.php\/wp-json\/wp\/v2\/types\/page"}],"author":[{"embeddable":true,"href":"https:\/\/www.nooliberec.cz\/index.php\/wp-json\/wp\/v2\/users\/1"}],"replies":[{"embeddable":true,"href":"https:\/\/www.nooliberec.cz\/index.php\/wp-json\/wp\/v2\/comments?post=8"}],"version-history":[{"count":31,"href":"https:\/\/www.nooliberec.cz\/index.php\/wp-json\/wp\/v2\/pages\/8\/revisions"}],"predecessor-version":[{"id":400,"href":"https:\/\/www.nooliberec.cz\/index.php\/wp-json\/wp\/v2\/pages\/8\/revisions\/400"}],"wp:attachment":[{"href":"https:\/\/www.nooliberec.cz\/index.php\/wp-json\/wp\/v2\/media?parent=8"}],"curies":[{"name":"wp","href":"https:\/\/api.w.org\/{rel}","templated":true}]}}