{"id":71,"date":"2021-10-18T11:41:31","date_gmt":"2021-10-18T10:41:31","guid":{"rendered":"https:\/\/www.nooliberec.cz\/?page_id=71"},"modified":"2022-04-04T11:46:23","modified_gmt":"2022-04-04T10:46:23","slug":"verejne-dokumenty-noo","status":"publish","type":"page","link":"https:\/\/www.nooliberec.cz\/index.php\/verejne-dokumenty-noo\/","title":{"rendered":"Ve\u0159ejn\u00e9 dokumenty"},"content":{"rendered":"\n<p><\/p>\n\n\n\n<div class=\"wp-block-columns is-layout-flex wp-container-core-columns-is-layout-9d6595d7 wp-block-columns-is-layout-flex\">\n<div class=\"wp-block-column is-layout-flow wp-block-column-is-layout-flow\">\n<ul><li><a rel=\"noreferrer noopener\" href=\"https:\/\/www.nooliberec.cz\/wp-content\/uploads\/2021\/10\/Prihlaska_NOO_PCR_Liberec_042019-1.pdf\" target=\"_blank\">\u017d\u00e1dost o \u010dlenstv\u00ed v odborov\u00e9 organizaci<\/a><\/li><li><a href=\"https:\/\/www.nooliberec.cz\/wp-content\/uploads\/2022\/04\/Souhlas_NOO_PCR_Liberec012022.pdf\" data-type=\"URL\" data-id=\"https:\/\/www.nooliberec.cz\/wp-content\/uploads\/2022\/04\/Souhlas_NOO_PCR_Liberec012022.pdf\" target=\"_blank\" rel=\"noreferrer noopener\">Souhlas k p\u0159evodu \u010dlensk\u00e9ho p\u0159\u00edsp\u011bvku odborov\u00e9 organizaci<\/a><\/li><\/ul>\n\n\n\n<ul class=\"wp-block-list\"><li><a href=\"https:\/\/www.nooliberec.cz\/wp-content\/uploads\/2022\/01\/Stanovy_NOOPCRLiberec_2021.pdf\" data-type=\"URL\" data-id=\"https:\/\/www.nooliberec.cz\/wp-content\/uploads\/2022\/01\/Stanovy_NOOPCRLiberec_2021.pdf\" target=\"_blank\" rel=\"noreferrer noopener\">Stanovy NOO PCR Liberec<\/a><\/li><\/ul>\n<\/div>\n\n\n\n<div class=\"wp-block-column is-layout-flow wp-block-column-is-layout-flow\">\n<ul><li><a href=\"https:\/\/www.nooliberec.cz\/wp-content\/uploads\/2021\/10\/Postup-pri-poskytovani-prispevku-na-detskou-rekreaci.pdf\" data-type=\"URL\" data-id=\"https:\/\/www.nooliberec.cz\/wp-content\/uploads\/2021\/10\/Postup-pri-poskytovani-prispevku-na-detskou-rekreaci.pdf\" target=\"_blank\" rel=\"noopener\">Postup p\u0159i poskytov\u00e1n\u00ed p\u0159\u00edsp\u011bvku na d\u011btskou rekreaci<\/a><\/li><li><a href=\"https:\/\/www.nooliberec.cz\/wp-content\/uploads\/2021\/10\/ZADOST-o-poskytnuti-prispevku-na-detskou-rekreaci.pdf\" data-type=\"URL\" data-id=\"https:\/\/www.nooliberec.cz\/wp-content\/uploads\/2021\/10\/ZADOST-o-poskytnuti-prispevku-na-detskou-rekreaci.pdf\" target=\"_blank\" rel=\"noopener\">\u017d\u00c1DOST o poskytnut\u00ed p\u0159\u00edsp\u011bvku na d\u011btskou rekreaci<\/a><\/li><\/ul>\n\n\n\n<p><\/p>\n<\/div>\n<\/div>\n\n\n\n<p><\/p>\n","protected":false},"excerpt":{"rendered":"<p>\u017d\u00e1dost o \u010dlenstv\u00ed v odborov\u00e9 organizaci Souhlas k p\u0159evodu \u010dlensk\u00e9ho p\u0159\u00edsp\u011bvku odborov\u00e9 organizaci Stanovy NOO PCR Liberec Postup p\u0159i poskytov\u00e1n\u00ed p\u0159\u00edsp\u011bvku na d\u011btskou rekreaci \u017d\u00c1DOST o poskytnut\u00ed p\u0159\u00edsp\u011bvku na d\u011btskou rekreaci<\/p>\n","protected":false},"author":2,"featured_media":0,"parent":0,"menu_order":0,"comment_status":"closed","ping_status":"closed","template":"","meta":{"footnotes":""},"class_list":["post-71","page","type-page","status-publish","hentry"],"_links":{"self":[{"href":"https:\/\/www.nooliberec.cz\/index.php\/wp-json\/wp\/v2\/pages\/71","targetHints":{"allow":["GET"]}}],"collection":[{"href":"https:\/\/www.nooliberec.cz\/index.php\/wp-json\/wp\/v2\/pages"}],"about":[{"href":"https:\/\/www.nooliberec.cz\/index.php\/wp-json\/wp\/v2\/types\/page"}],"author":[{"embeddable":true,"href":"https:\/\/www.nooliberec.cz\/index.php\/wp-json\/wp\/v2\/users\/2"}],"replies":[{"embeddable":true,"href":"https:\/\/www.nooliberec.cz\/index.php\/wp-json\/wp\/v2\/comments?post=71"}],"version-history":[{"count":11,"href":"https:\/\/www.nooliberec.cz\/index.php\/wp-json\/wp\/v2\/pages\/71\/revisions"}],"predecessor-version":[{"id":252,"href":"https:\/\/www.nooliberec.cz\/index.php\/wp-json\/wp\/v2\/pages\/71\/revisions\/252"}],"wp:attachment":[{"href":"https:\/\/www.nooliberec.cz\/index.php\/wp-json\/wp\/v2\/media?parent=71"}],"curies":[{"name":"wp","href":"https:\/\/api.w.org\/{rel}","templated":true}]}}