{"id":6,"date":"2021-10-14T12:33:25","date_gmt":"2021-10-14T11:33:25","guid":{"rendered":"https:\/\/www.nooliberec.cz\/?page_id=6"},"modified":"2026-04-02T09:45:36","modified_gmt":"2026-04-02T08:45:36","slug":"otevira-se-nove-umoma-2","status":"publish","type":"page","link":"https:\/\/www.nooliberec.cz\/","title":{"rendered":"V\u00edtejte na na\u0161ich str\u00e1nk\u00e1ch"},"content":{"rendered":"\n<figure class=\"wp-block-image alignwide size-large\"><img loading=\"lazy\" decoding=\"async\" width=\"1024\" height=\"13\" src=\"https:\/\/www.nooliberec.cz\/wp-content\/uploads\/2021\/12\/podtrzeni_NOO-1024x13.png\" alt=\"\" class=\"wp-image-178\" srcset=\"https:\/\/www.nooliberec.cz\/wp-content\/uploads\/2021\/12\/podtrzeni_NOO-1024x13.png 1024w, https:\/\/www.nooliberec.cz\/wp-content\/uploads\/2021\/12\/podtrzeni_NOO-300x4.png 300w, https:\/\/www.nooliberec.cz\/wp-content\/uploads\/2021\/12\/podtrzeni_NOO-768x10.png 768w, https:\/\/www.nooliberec.cz\/wp-content\/uploads\/2021\/12\/podtrzeni_NOO-1536x19.png 1536w, https:\/\/www.nooliberec.cz\/wp-content\/uploads\/2021\/12\/podtrzeni_NOO.png 1899w\" sizes=\"auto, (max-width: 1024px) 100vw, 1024px\" \/><\/figure>\n\n\n\n<h2 class=\"wp-block-heading\"><a href=\"https:\/\/www.zpmvcr.cz\/\" data-type=\"URL\" data-id=\"https:\/\/www.zpmvcr.cz\/\" target=\"_blank\" rel=\"noreferrer noopener\"><img loading=\"lazy\" decoding=\"async\" width=\"150\" height=\"36\" class=\"wp-image-199\" style=\"width: 150px;\" src=\"https:\/\/www.nooliberec.cz\/wp-content\/uploads\/2021\/12\/ZPMV.png\" alt=\"\" srcset=\"https:\/\/www.nooliberec.cz\/wp-content\/uploads\/2021\/12\/ZPMV.png 1229w, https:\/\/www.nooliberec.cz\/wp-content\/uploads\/2021\/12\/ZPMV-300x73.png 300w, https:\/\/www.nooliberec.cz\/wp-content\/uploads\/2021\/12\/ZPMV-1024x248.png 1024w, https:\/\/www.nooliberec.cz\/wp-content\/uploads\/2021\/12\/ZPMV-768x186.png 768w\" sizes=\"auto, (max-width: 150px) 100vw, 150px\" \/><\/a>  a sad JUDr. Karla Jaro\u0161e<\/h2>\n\n\n\n<p>Jsme r\u00e1di, \u017ee se partnerem na\u0161eho projektu vybudov\u00e1n\u00ed sadu JUDr. Karla Jaro\u0161e s pam\u00e1tn\u00edkem p\u0159\u00edslu\u0161n\u00edk\u016fm bezpe\u010dnostn\u00edch sbor\u016f, kte\u0159\u00ed zem\u0159eli p\u0159i v\u00fdkonu slu\u017eby stala <a rel=\"noreferrer noopener\" href=\"https:\/\/www.zpmvcr.cz\/\" data-type=\"URL\" data-id=\"https:\/\/www.zpmvcr.cz\/\" target=\"_blank\">Zdravotn\u00ed poji\u0161\u0165ovna ministerstva vnitra \u010cesk\u00e9 republiky<\/a>. Toto partnerstv\u00ed n\u00e1s zas v\u00edc a v\u00edc p\u0159ibli\u017euje k c\u00edli. V\u00edce na str\u00e1nce <a href=\"https:\/\/www.nooliberec.cz\/index.php\/vybudovani-sadu\/\" data-type=\"URL\" data-id=\"https:\/\/www.nooliberec.cz\/index.php\/vybudovani-sadu\/\">pam\u00e1tn\u00edku JUDr. Karla JARO\u0160E<\/a><\/p>\n\n\n\n<p><\/p>\n","protected":false},"excerpt":{"rendered":"<p>a sad JUDr. Karla Jaro\u0161e Jsme r\u00e1di, \u017ee se partnerem na\u0161eho projektu vybudov\u00e1n\u00ed sadu JUDr. Karla Jaro\u0161e s pam\u00e1tn\u00edkem p\u0159\u00edslu\u0161n\u00edk\u016fm bezpe\u010dnostn\u00edch sbor\u016f, kte\u0159\u00ed zem\u0159eli p\u0159i v\u00fdkonu slu\u017eby stala Zdravotn\u00ed poji\u0161\u0165ovna ministerstva vnitra \u010cesk\u00e9 republiky. Toto partnerstv\u00ed n\u00e1s zas v\u00edc a v\u00edc p\u0159ibli\u017euje k c\u00edli. V\u00edce na str\u00e1nce pam\u00e1tn\u00edku JUDr. Karla JARO\u0160E<\/p>\n","protected":false},"author":1,"featured_media":0,"parent":0,"menu_order":0,"comment_status":"closed","ping_status":"closed","template":"","meta":{"footnotes":""},"class_list":["post-6","page","type-page","status-publish","hentry"],"_links":{"self":[{"href":"https:\/\/www.nooliberec.cz\/index.php\/wp-json\/wp\/v2\/pages\/6","targetHints":{"allow":["GET"]}}],"collection":[{"href":"https:\/\/www.nooliberec.cz\/index.php\/wp-json\/wp\/v2\/pages"}],"about":[{"href":"https:\/\/www.nooliberec.cz\/index.php\/wp-json\/wp\/v2\/types\/page"}],"author":[{"embeddable":true,"href":"https:\/\/www.nooliberec.cz\/index.php\/wp-json\/wp\/v2\/users\/1"}],"replies":[{"embeddable":true,"href":"https:\/\/www.nooliberec.cz\/index.php\/wp-json\/wp\/v2\/comments?post=6"}],"version-history":[{"count":88,"href":"https:\/\/www.nooliberec.cz\/index.php\/wp-json\/wp\/v2\/pages\/6\/revisions"}],"predecessor-version":[{"id":447,"href":"https:\/\/www.nooliberec.cz\/index.php\/wp-json\/wp\/v2\/pages\/6\/revisions\/447"}],"wp:attachment":[{"href":"https:\/\/www.nooliberec.cz\/index.php\/wp-json\/wp\/v2\/media?parent=6"}],"curies":[{"name":"wp","href":"https:\/\/api.w.org\/{rel}","templated":true}]}}