{"id":266,"date":"2022-06-02T13:11:46","date_gmt":"2022-06-02T12:11:46","guid":{"rendered":"https:\/\/www.nooliberec.cz\/?page_id=266"},"modified":"2022-06-02T13:11:46","modified_gmt":"2022-06-02T12:11:46","slug":"prazske-povstani","status":"publish","type":"page","link":"https:\/\/www.nooliberec.cz\/index.php\/prazske-povstani\/","title":{"rendered":"Pra\u017esk\u00e9 povst\u00e1n\u00ed"},"content":{"rendered":"\n<p>Dne 4. kv\u011btna 1945 protektor\u00e1tn\u00ed vl\u00e1da zru\u0161ila na\u0159\u00edzen\u00ed t\u00fdkaj\u00edc\u00ed se dvojjazy\u010dn\u00e9ho \u00fa\u0159adov\u00e1n\u00ed, dvojjazy\u010dn\u00fdch n\u00e1pis\u016f a z\u00e1kazu vyv\u011b\u0161ov\u00e1n\u00ed \u010deskoslovensk\u00fdch vlajek. Byl vyd\u00e1n pokyn, aby na \u00fa\u0159edn\u00edch budov\u00e1ch byly vyv\u011b\u0161eny vlajky a \u00fa\u0159adovalo se jen v&nbsp;\u010desk\u00e9m jazyce. V&nbsp;Praze za\u010dalo odstra\u0148ov\u00e1n\u00ed n\u011bmeck\u00fdch n\u00e1pis\u016f a cedul\u00ed.&nbsp;&nbsp;&nbsp;&nbsp;&nbsp;&nbsp;&nbsp;&nbsp;<\/p>\n\n\n\n<p>5. kv\u011btna &nbsp;se z&nbsp;rozhlasu ozvalo hl\u00e1\u0161en\u00ed: \u201eJe pr\u00e1v\u011b sechs hodin\u201c, ve vys\u00edl\u00e1n\u00ed se mluvilo \u010desky a hr\u00e1li se zak\u00e1zan\u00e9 p\u00edsn\u011b. B\u011bhem dopoledne nav\u0161t\u00edvil p\u0159edseda vl\u00e1dy Richard Bienert ministra K. H. Franka a po\u017e\u00e1dal jej o p\u0159ed\u00e1n\u00ed vl\u00e1dy.<\/p>\n\n\n\n<p>Ve stejn\u00e9 dob\u011b vyhl\u00e1sila \u010cesk\u00e1 n\u00e1rodn\u00ed rada prohl\u00e1\u0161en\u00ed o konci protektor\u00e1tu a p\u0159evzet\u00ed vl\u00e1dn\u00ed a v\u00fdkonn\u00e9 moci. &nbsp;N\u011bmeck\u00e1 okupa\u010dn\u00ed spr\u00e1va toto prohl\u00e1\u0161en\u00ed ignorovala a zakro\u010dovala proti vyv\u011b\u0161ov\u00e1n\u00ed vlajek. To vyvolalo &nbsp;demonstrace, kter\u00e9 brzy p\u0159e\u0161ly do ozbrojen\u00e9ho odporu proti okupant\u016fm.<\/p>\n\n\n\n<p>Na \u00fazem\u00ed \u010cech a Moravy se v&nbsp;t\u00e9 dob\u011b nach\u00e1zelo asi 900.000 voj\u00e1k\u016f n\u011bmeck\u00e9 arm\u00e1dy, konkr\u00e9tn\u011b skupin St\u0159ed a Jih-Ostmark, kter\u00e9 se cht\u011bli dostat do americk\u00e9ho zajet\u00ed. Nejkrat\u0161\u00ed cestu Prahou a jej\u00edm okol\u00edm v\u0161ak ovl\u00e1dli povstalci, proto se sna\u017eili dostat situaci pod svou kontrolu.<\/p>\n\n\n\n<p>Povstalci si byly v\u011bdomi, \u017ee proti p\u0159\u00edpadn\u00e9mu \u00fatoku nemaj\u00ed moc&nbsp; \u0161anc\u00ed, tak\u017ee v&nbsp;noci z&nbsp;5, na 6. kv\u011btna vyrostlo v&nbsp;Praze asi 1.600 barik\u00e1d. Na jejich stavbu mimo jin\u00e9 rozebrali Pra\u017ean\u00e9 254.000 \u2013 300.000 m<sup>2<\/sup> dla\u017eby, co\u017e p\u0159edstavuje \u0161estimetrovou dl\u00e1\u017ed\u011bnou cestu dlouhou t\u00e9m\u011b\u0159 50 kilometr\u016f. &nbsp;Povstalci&nbsp; ne\u010delili pouze \u00fatok\u016fm zven\u010d\u00ed, o d\u016fle\u017eit\u00e9 objekty museli s&nbsp;n\u011bmeckou pos\u00e1dkou bojovat i ve vnit\u0159n\u00edm m\u011bst\u011b. &nbsp;<\/p>\n\n\n\n<p>V&nbsp;\u010dasn\u00fdch rann\u00edch hodin\u00e1ch 8. kv\u011btna za\u010dal mohutn\u00fd n\u011bmeck\u00fd \u00fatok na Prahu za pou\u017eit\u00ed ve\u0161ker\u00e9 dostupn\u00e9 techniky v\u010detn\u011b tank\u016f a letadel. &nbsp;Do&nbsp; \u00fatoku jsou zapojeny i jednotky SS, kter\u00e9 postupovaly s&nbsp;velkou brutalitou, krom\u011b boj\u016f s&nbsp;povstalci se dopou\u0161t\u011bly vra\u017ed civilist\u016f a bezd\u016fvodn\u00fdch n\u00e1silnost\u00ed. Situace se stala kritickou pro ob\u011b bojuj\u00edc\u00ed strany, proto&nbsp; spolu za\u010daly jednat, doch\u00e1z\u00ed k&nbsp;dohod\u011b a v&nbsp;pozdn\u00edch odpoledn\u00edch hodin\u00e1ch m\u011blo doj\u00edt k&nbsp;zastaven\u00ed boj\u016f. V&nbsp;n\u011bkter\u00fdch \u010d\u00e1stech Prahy se v\u0161ak tvrd\u011b bojovalo a\u017e do p\u0159\u00edchodu Rud\u00e9 arm\u00e1dy 9. kv\u011btna.<\/p>\n\n\n\n<p>Podle posledn\u00edch v\u00fdzkum\u016f se po\u010det padl\u00fdch, zavra\u017ed\u011bn\u00fdch a zem\u0159el\u00fdch \u010desk\u00fdch ob\u010dan\u016f dostal k&nbsp;\u010d\u00edslu 2.898, k&nbsp;tomu je nutno p\u0159i\u010d\u00edst asi 200 padl\u00fdch cizinc\u016f. Zran\u011bno bylo p\u0159es 4.000 osob. Ztr\u00e1ty na n\u011bmeck\u00e9 stran\u011b jsou odhadov\u00e1ny asi na 3.000 voj\u00e1k\u016f a civilist\u016f. &nbsp;&nbsp;<\/p>\n\n\n\n<p>Pra\u017esk\u00e1 policie&nbsp; b\u011bhem povst\u00e1n\u00ed, do kter\u00e9ho se&nbsp; aktivn\u011b zapojila, ztratila 44 uniformovan\u00fdch p\u0159\u00edslu\u0161n\u00edk\u016f a 10 neuniformovan\u00fdch p\u0159\u00edslu\u0161n\u00edk\u016f a zam\u011bstnanc\u016f. &nbsp;Mezi nimi byli i 4 policist\u00e9, kte\u0159\u00ed p\u016fvodn\u011b slou\u017eili v&nbsp;Liberci a do Prahy byly p\u0159elo\u017eeni po zabr\u00e1n\u00ed Sudet. &nbsp;<\/p>\n\n\n\n<p>P\u0159ipome\u0148me si je:<\/p>\n\n\n\n<figure class=\"wp-block-image size-full\"><img loading=\"lazy\" decoding=\"async\" width=\"424\" height=\"580\" src=\"https:\/\/www.nooliberec.cz\/wp-content\/uploads\/2022\/06\/Cermak.jpg\" alt=\"\" class=\"wp-image-267\" srcset=\"https:\/\/www.nooliberec.cz\/wp-content\/uploads\/2022\/06\/Cermak.jpg 424w, https:\/\/www.nooliberec.cz\/wp-content\/uploads\/2022\/06\/Cermak-219x300.jpg 219w\" sizes=\"auto, (max-width: 424px) 100vw, 424px\" \/><\/figure>\n\n\n\n<p>Str\u00e1\u017emistr \u010cen\u011bk \u010cerm\u00e1k<a href=\"#_ftn1\">[1]<\/a> padl 5. kv\u011btna v Praze \u2013 Libni. Byl vysl\u00e1n spole\u010dn\u011b se str\u00e1\u017emistrem Vajsarem, \u0161t\u00e1bn\u00edm str\u00e1\u017emistrem Rmoutilem a dobrovoln\u00edky Aloisem Vodi\u010dkou a Josefem Vimmerem na pr\u016fzkum v okol\u00ed h\u0159i\u0161t\u011b Praga. Skupina se dostala do kle\u0161t\u00ed skupiny n\u011bmeck\u00fdch voj\u00e1k\u016f z transportu na Horn\u00edm n\u00e1dra\u017e\u00ed v Libni a voj\u00e1k\u016f z obrn\u011bn\u00e9ho vlaku na trati Libe\u0148 \u2013 Karl\u00edn. \u0160t\u00e1bn\u00ed str\u00e1\u017emistr se po zran\u011bn\u00ed ruky z\u0159\u00edtil z&nbsp; n\u00e1spu, pod kter\u00fdm z\u016fstal le\u017eet a pozd\u011bji se odpl\u00ed\u017eil. Zbytek skupiny se kryl za kamenn\u00e9 sloupy \u017eelezni\u010dn\u00edho nadjezdu, kde se br\u00e1nil do posledn\u00edho n\u00e1boje.&nbsp; Pot\u00e9 byli zajati a zavra\u017ed\u011bni.<\/p>\n\n\n\n<figure class=\"wp-block-image size-full\"><img loading=\"lazy\" decoding=\"async\" width=\"469\" height=\"675\" src=\"https:\/\/www.nooliberec.cz\/wp-content\/uploads\/2022\/06\/Becvar.jpg\" alt=\"\" class=\"wp-image-268\" srcset=\"https:\/\/www.nooliberec.cz\/wp-content\/uploads\/2022\/06\/Becvar.jpg 469w, https:\/\/www.nooliberec.cz\/wp-content\/uploads\/2022\/06\/Becvar-208x300.jpg 208w\" sizes=\"auto, (max-width: 469px) 100vw, 469px\" \/><\/figure>\n\n\n\n<p>Str\u00e1\u017emistr V\u00e1clav Be\u010dv\u00e1\u0159 padl 6. kv\u011btna<a href=\"#_ftn2\">[2]<\/a> v Praze \u2013 Na Pra\u017ea\u010dce. V budov\u011b gymn\u00e1zia Na Pra\u017ea\u010dce bylo s\u00eddlo V. praporu pluku SA\u00a0 Feldhermhalle a bojov\u00e9 skupiny Luftwaffe \u201eReimann\u201c. Po vypuknut\u00ed povst\u00e1n\u00ed bylo gymn\u00e1zium obkl\u00ed\u010deno povstalci a do\u0161lo k boj\u016fm. N\u011bmci podnikli proti\u00fatok, obsadili bl\u00edzk\u00e9 policejn\u00ed komisa\u0159stv\u00ed a do budovy \u0161koly odvlekli asi 80 rukojm\u00edch. \u010c\u00e1st z nich byla mu\u010dena a popravena na \u0161koln\u00edm dvo\u0159e, 5 mu\u017e\u016f bylo popraveno p\u0159ed budovou. Str\u00e1\u017emistr Be\u010dv\u00e1\u0159 jako vyjednava\u010d ozna\u010den b\u00edlou vlajkou vstoupil brankou do are\u00e1lu. Dle dochovan\u00fdch sv\u011bdectv\u00ed byl t\u0159i kroky za brankou zezadu st\u0159elen do hlavy stra\u017e\u00ed u branky. Po podeps\u00e1n\u00ed kapitulace se odd\u00edl SA p\u0159ipojil k jednotk\u00e1m opou\u0161t\u011bj\u00edc\u00edm Prahu sm\u011brem k 3. americk\u00e9 arm\u00e1d\u011b. Mrtv\u00ed (v\u010detn\u011b str\u00e1\u017emistra Be\u010dv\u00e1\u0159e) byli nalezeni ve 3 masov\u00fdch hrobech \u2013 dvou cvi\u010dn\u00fdch z\u00e1kopech na pl\u00e1ni za \u0161kolou a v hrob\u011b na zahrad\u011b \u0161koly.\u00a0 Celkem bylo identifikov\u00e1no 44 ob\u011bt\u00ed.<\/p>\n\n\n\n<figure class=\"wp-block-image size-full\"><img loading=\"lazy\" decoding=\"async\" width=\"510\" height=\"755\" src=\"https:\/\/www.nooliberec.cz\/wp-content\/uploads\/2022\/06\/Otradovec.jpg\" alt=\"\" class=\"wp-image-269\" srcset=\"https:\/\/www.nooliberec.cz\/wp-content\/uploads\/2022\/06\/Otradovec.jpg 510w, https:\/\/www.nooliberec.cz\/wp-content\/uploads\/2022\/06\/Otradovec-203x300.jpg 203w\" sizes=\"auto, (max-width: 510px) 100vw, 510px\" \/><\/figure>\n\n\n\n<p>Str\u00e1\u017emistr Franti\u0161ek Otradovec padl 8. kv\u011btna<a href=\"#_ftn3\">[3]<\/a> a \u00a0jeho t\u011blo bylo nalezeno v\u00a0Mal\u00e9 Chuchli. V\u00a0t\u00e9to lokalit\u011b se povstalci pokou\u0161eli zastavit postup bojov\u00e9 skupiny SS Wallenstein (Vald\u0161tejn), kter\u00e1 postupovala z\u00a0v\u00fdcvikov\u00e9ho prostru na Bene\u0161ovsku. Tato skupina se dopou\u0161t\u011bna nejv\u011bt\u0161\u00edch zlo\u010din\u016f, hlavn\u00ed s\u00edly postupovaly p\u0159es Pankr\u00e1c. Ji\u017en\u00ed k\u0159\u00eddlo postupovalo p\u0159es Zbraslav, Radot\u00edn. Poda\u0159ilo se jim obsadit Chuchli, kde do\u0161lo k\u00a0vra\u017ed\u011bn\u00ed civiln\u00edho obyvatelstva. P\u0159i \u00fastupu, kter\u00fd za\u010dal a\u017e 8. kv\u011btna vzpl\u00e1ly mimo jin\u00e9 i dostihov\u00e9 st\u00e1je. Boje si zde vy\u017e\u00e1daly 168 ob\u011bt\u00ed.<\/p>\n\n\n\n<figure class=\"wp-block-image size-full\"><img loading=\"lazy\" decoding=\"async\" width=\"404\" height=\"580\" src=\"https:\/\/www.nooliberec.cz\/wp-content\/uploads\/2022\/06\/Novak.jpg\" alt=\"\" class=\"wp-image-270\" srcset=\"https:\/\/www.nooliberec.cz\/wp-content\/uploads\/2022\/06\/Novak.jpg 404w, https:\/\/www.nooliberec.cz\/wp-content\/uploads\/2022\/06\/Novak-209x300.jpg 209w\" sizes=\"auto, (max-width: 404px) 100vw, 404px\" \/><\/figure>\n\n\n\n<p>Str\u00e1\u017emistr Alois Nov\u00e1k 8. kv\u011btna v Praze na P\u0159\u00edkopech. V\u00a0kas\u00e1rn\u00e1ch Ji\u0159\u00edho z\u00a0Pod\u011bbrad, kde s\u00eddlilo n\u011bkolik \u010detnick\u00fdch jednotek. \u0160lo jedno z\u00a0v\u00fdznamn\u00fdch center povst\u00e1n\u00ed. Na dohled je Masarykovo n\u00e1dra\u017e\u00ed (tehdy Hybernsk\u00e9), kter\u00e9 jako strategick\u00fd bod bylo obsazeno p\u0159ekvapiv\u00fdm \u00fatokem na za\u010d\u00e1tku povst\u00e1n\u00ed. \u00a0V\u00a0noci ze 7. na 8. kv\u011btna se se\u0161ikovaly siln\u00e9 n\u011bmeck\u00e9 odd\u00edly vybaven\u00e9 t\u011b\u017ekou technikou, tanky a d\u011bly (dle n\u011bkter\u00fdch boj\u016f \u0161lo o bojovou skupinu Reimann a bojovou skupinu Milowitz) a zah\u00e1jili \u00fatok ze sm\u011bru od Florence a ze sm\u011bru od Bulhara. Po tvrd\u00fdch boj\u00edch se jim poda\u0159ilo dopoledne n\u00e1dra\u017e\u00ed dob\u00fdt. Zat\u00edm co \u010d\u00e1st n\u011bmeck\u00fdch jednotek na obsazen\u00e9m n\u00e1dra\u017e\u00ed sehnali do houfu v\u0161echny povstalce a lidi z\u00a0okoln\u00edch dom\u016f (mezi nimi i spisovatele Jaroslava Seifrta), 67 z\u00a0t\u011bchto zajatc\u016f bylo potom zast\u0159eleno. \u00a0Zbytek pokra\u010doval v\u00a0\u00fatoku ulici Na P\u0159\u00edkop\u011b sm\u011brem k\u00a0V\u00e1clavsk\u00e9mu n\u00e1m\u011bst\u00ed. N\u011bkde zde nalezl svou smrt i Alois Nov\u00e1k.<\/p>\n\n\n\n<hr class=\"wp-block-separator\"\/>\n\n\n\n<p><a href=\"#_ftnref1\">[1]<\/a>) Na pomn\u00edku um\u00edst\u011bn\u00e9m v parku na Praze 9, n\u00e1m. Na Balabence je uvedeno jm\u00e9no Vincenc \u010cerm\u00e1k.<\/p>\n\n\n\n<p><a href=\"#_ftnref2\">[2]<\/a>) V ostatn\u00edch zdroj\u00edch je uv\u00e1d\u011bno datum zavra\u017ed\u011bn\u00ed 7. kv\u011btna 1945 a hodnost \u0161t\u00e1bn\u00edho str\u00e1\u017emistra<\/p>\n\n\n\n<p><a href=\"#_ftnref3\">[3]<\/a> Podle n\u011bkter\u00fdch zdroj\u016f padl ji\u017e 5. kv\u011btna 1945<\/p>\n","protected":false},"excerpt":{"rendered":"<p>Dne 4. kv\u011btna 1945 protektor\u00e1tn\u00ed vl\u00e1da zru\u0161ila na\u0159\u00edzen\u00ed t\u00fdkaj\u00edc\u00ed se dvojjazy\u010dn\u00e9ho \u00fa\u0159adov\u00e1n\u00ed, dvojjazy\u010dn\u00fdch n\u00e1pis\u016f a z\u00e1kazu vyv\u011b\u0161ov\u00e1n\u00ed \u010deskoslovensk\u00fdch vlajek. Byl vyd\u00e1n pokyn, aby na \u00fa\u0159edn\u00edch budov\u00e1ch byly vyv\u011b\u0161eny vlajky a \u00fa\u0159adovalo se jen v&nbsp;\u010desk\u00e9m jazyce. V&nbsp;Praze za\u010dalo odstra\u0148ov\u00e1n\u00ed n\u011bmeck\u00fdch n\u00e1pis\u016f a cedul\u00ed.&nbsp;&nbsp;&nbsp;&nbsp;&nbsp;&nbsp;&nbsp;&nbsp; 5. kv\u011btna &nbsp;se z&nbsp;rozhlasu ozvalo hl\u00e1\u0161en\u00ed: \u201eJe pr\u00e1v\u011b sechs hodin\u201c, ve vys\u00edl\u00e1n\u00ed se &hellip;<br \/><a href=\"https:\/\/www.nooliberec.cz\/index.php\/prazske-povstani\/\" class=\"more-link pen_button pen_element_default pen_icon_arrow_double\">Pokra\u010dovat ve\u00a0\u010dten\u00ed <span class=\"screen-reader-text\">Pra\u017esk\u00e9 povst\u00e1n\u00ed<\/span><\/a><\/p>\n","protected":false},"author":2,"featured_media":0,"parent":0,"menu_order":0,"comment_status":"closed","ping_status":"closed","template":"","meta":{"footnotes":""},"class_list":["post-266","page","type-page","status-publish","hentry"],"_links":{"self":[{"href":"https:\/\/www.nooliberec.cz\/index.php\/wp-json\/wp\/v2\/pages\/266","targetHints":{"allow":["GET"]}}],"collection":[{"href":"https:\/\/www.nooliberec.cz\/index.php\/wp-json\/wp\/v2\/pages"}],"about":[{"href":"https:\/\/www.nooliberec.cz\/index.php\/wp-json\/wp\/v2\/types\/page"}],"author":[{"embeddable":true,"href":"https:\/\/www.nooliberec.cz\/index.php\/wp-json\/wp\/v2\/users\/2"}],"replies":[{"embeddable":true,"href":"https:\/\/www.nooliberec.cz\/index.php\/wp-json\/wp\/v2\/comments?post=266"}],"version-history":[{"count":1,"href":"https:\/\/www.nooliberec.cz\/index.php\/wp-json\/wp\/v2\/pages\/266\/revisions"}],"predecessor-version":[{"id":271,"href":"https:\/\/www.nooliberec.cz\/index.php\/wp-json\/wp\/v2\/pages\/266\/revisions\/271"}],"wp:attachment":[{"href":"https:\/\/www.nooliberec.cz\/index.php\/wp-json\/wp\/v2\/media?parent=266"}],"curies":[{"name":"wp","href":"https:\/\/api.w.org\/{rel}","templated":true}]}}