{"id":208,"date":"2021-12-06T12:57:06","date_gmt":"2021-12-06T11:57:06","guid":{"rendered":"https:\/\/www.nooliberec.cz\/?page_id=208"},"modified":"2022-06-02T13:56:41","modified_gmt":"2022-06-02T12:56:41","slug":"vybudovani-sadu","status":"publish","type":"page","link":"https:\/\/www.nooliberec.cz\/index.php\/vybudovani-sadu\/","title":{"rendered":"Vybudov\u00e1n\u00ed sadu \u201eJUDr. Karla Jaro\u0161e\u201c v Liberci"},"content":{"rendered":"\n<div class=\"wp-block-image\"><figure class=\"aligncenter size-full\"><a href=\"https:\/\/mapy.cz\/zakladni?uc=95rIax1rVB&amp;ud=50%C2%B046%2718.070%22N%2C+15%C2%B03%2727.902%22E&amp;ut=Um%C3%ADst%C4%9Bn%C3%AD+Sadu+JUDr.+Karla+JARO%C5%A0E&amp;vlastni-body=&amp;x=15.0577504&amp;y=50.7716962&amp;z=19\" target=\"_blank\" rel=\"noopener\"><img loading=\"lazy\" decoding=\"async\" width=\"956\" height=\"677\" src=\"https:\/\/www.nooliberec.cz\/wp-content\/uploads\/2022\/06\/Park-planek.png\" alt=\"\" class=\"wp-image-277\" srcset=\"https:\/\/www.nooliberec.cz\/wp-content\/uploads\/2022\/06\/Park-planek.png 956w, https:\/\/www.nooliberec.cz\/wp-content\/uploads\/2022\/06\/Park-planek-300x212.png 300w, https:\/\/www.nooliberec.cz\/wp-content\/uploads\/2022\/06\/Park-planek-768x544.png 768w\" sizes=\"auto, (max-width: 956px) 100vw, 956px\" \/><\/a><figcaption>Pl\u00e1nek zam\u00fd\u0161len\u00e9ho pam\u00e1tn\u00edku vedle Krajsk\u00e9 v\u011bdeck\u00e9 knihovny v Liberci<\/figcaption><\/figure><\/div>\n\n\n\n<div class=\"wp-block-image\"><figure class=\"aligncenter size-large\"><img loading=\"lazy\" decoding=\"async\" width=\"1024\" height=\"13\" src=\"https:\/\/www.nooliberec.cz\/wp-content\/uploads\/2021\/12\/podtrzeni_NOO-1024x13.png\" alt=\"\" class=\"wp-image-178\" srcset=\"https:\/\/www.nooliberec.cz\/wp-content\/uploads\/2021\/12\/podtrzeni_NOO-1024x13.png 1024w, https:\/\/www.nooliberec.cz\/wp-content\/uploads\/2021\/12\/podtrzeni_NOO-300x4.png 300w, https:\/\/www.nooliberec.cz\/wp-content\/uploads\/2021\/12\/podtrzeni_NOO-768x10.png 768w, https:\/\/www.nooliberec.cz\/wp-content\/uploads\/2021\/12\/podtrzeni_NOO-1536x19.png 1536w, https:\/\/www.nooliberec.cz\/wp-content\/uploads\/2021\/12\/podtrzeni_NOO.png 1899w\" sizes=\"auto, (max-width: 1024px) 100vw, 1024px\" \/><\/figure><\/div>\n\n\n\n<figure class=\"wp-block-table aligncenter is-style-stripes\"><table><thead><tr><th class=\"has-text-align-left\" data-align=\"left\"> Kdo vybudov\u00e1n\u00ed sadu a pam\u00e1tn\u00edku ji\u017e podpo\u0159il <\/th><th class=\"has-text-align-center\" data-align=\"center\">\u010d\u00e1skou<\/th><\/tr><\/thead><tbody><tr><td class=\"has-text-align-left\" data-align=\"left\">Libereck\u00fd kraj<\/td><td class=\"has-text-align-center\" data-align=\"center\">50.000,- K\u010d<\/td><\/tr><tr><td class=\"has-text-align-left\" data-align=\"left\">plk. Mgr. Ond\u0159ej Musil, \u0159editel K\u0158PL<\/td><td class=\"has-text-align-center\" data-align=\"center\">20.000,- K\u010d<\/td><\/tr><tr><td class=\"has-text-align-left\" data-align=\"left\">Nez\u00e1visl\u00e1 odborov\u00e1 organizace Policie \u010cesk\u00e9 republiky Liberec<\/td><td class=\"has-text-align-center\" data-align=\"center\">10.000,- K\u010d<\/td><\/tr><tr><td class=\"has-text-align-left\" data-align=\"left\">N\u00e1m\u011bstek pro vn\u011bj\u0161\u00ed slu\u017ebu K\u0158PL a jemu pod\u0159\u00edzen\u00e9 \u00fatvary<\/td><td class=\"has-text-align-center\" data-align=\"center\">16.000,- K\u010d<\/td><\/tr><tr><td class=\"has-text-align-left\" data-align=\"left\">Nadace Syner<\/td><td class=\"has-text-align-center\" data-align=\"center\">10.000,- K\u010d<\/td><\/tr><tr><td class=\"has-text-align-left\" data-align=\"left\">Mgr. Zde\u0148ka Krej\u010dov\u00e1<\/td><td class=\"has-text-align-center\" data-align=\"center\">9.900,- K\u010d<\/td><\/tr><tr><td class=\"has-text-align-left\" data-align=\"left\">Odbor hospod\u00e1\u0159sk\u00e9 kriminality, Krajsk\u00e9 \u0159editelstv\u00ed Libereck\u00e9ho kraje<\/td><td class=\"has-text-align-center\" data-align=\"center\">7.650,- K\u010d<\/td><\/tr><tr><td class=\"has-text-align-left\" data-align=\"left\">Nada\u010dn\u00ed fond REGI Base<\/td><td class=\"has-text-align-center\" data-align=\"center\">5.000,- K\u010d<\/td><\/tr><tr><td class=\"has-text-align-left\" data-align=\"left\">VM PLUS s.r.o. Liberec<\/td><td class=\"has-text-align-center\" data-align=\"center\"> 5.000,- K\u010d <\/td><\/tr><tr><td class=\"has-text-align-left\" data-align=\"left\"><strong>V\u0161em d\u00e1rc\u016fm d\u011bkujeme!<\/strong><\/td><td class=\"has-text-align-center\" data-align=\"center\"><\/td><\/tr><tr><td class=\"has-text-align-left\" data-align=\"left\"><a href=\"https:\/\/www.zpmvcr.cz\/\" data-type=\"URL\" data-id=\"https:\/\/www.zpmvcr.cz\/\" target=\"_blank\" rel=\"noreferrer noopener\">Partnerem projektu je Zdravotn\u00ed poji\u0161\u0165ovna ministerstva vnitra &#8211; 211<\/a><\/td><td class=\"has-text-align-center\" data-align=\"center\"><a href=\"https:\/\/www.zpmvcr.cz\/\" data-type=\"URL\" data-id=\"https:\/\/www.zpmvcr.cz\/\" target=\"_blank\" rel=\"noreferrer noopener\"><img loading=\"lazy\" decoding=\"async\" width=\"180\" height=\"44\" class=\"wp-image-199\" style=\"width: 180px;\" src=\"https:\/\/www.nooliberec.cz\/wp-content\/uploads\/2021\/12\/ZPMV.png\" alt=\"\" srcset=\"https:\/\/www.nooliberec.cz\/wp-content\/uploads\/2021\/12\/ZPMV.png 1229w, https:\/\/www.nooliberec.cz\/wp-content\/uploads\/2021\/12\/ZPMV-300x73.png 300w, https:\/\/www.nooliberec.cz\/wp-content\/uploads\/2021\/12\/ZPMV-1024x248.png 1024w, https:\/\/www.nooliberec.cz\/wp-content\/uploads\/2021\/12\/ZPMV-768x186.png 768w\" sizes=\"auto, (max-width: 180px) 100vw, 180px\" \/><\/a><\/td><\/tr><\/tbody><\/table><\/figure>\n\n\n\n<figure class=\"wp-block-image size-large\"><img loading=\"lazy\" decoding=\"async\" width=\"1024\" height=\"13\" src=\"https:\/\/www.nooliberec.cz\/wp-content\/uploads\/2021\/12\/podtrzeni_NOO-1024x13.png\" alt=\"\" class=\"wp-image-178\" srcset=\"https:\/\/www.nooliberec.cz\/wp-content\/uploads\/2021\/12\/podtrzeni_NOO-1024x13.png 1024w, https:\/\/www.nooliberec.cz\/wp-content\/uploads\/2021\/12\/podtrzeni_NOO-300x4.png 300w, https:\/\/www.nooliberec.cz\/wp-content\/uploads\/2021\/12\/podtrzeni_NOO-768x10.png 768w, https:\/\/www.nooliberec.cz\/wp-content\/uploads\/2021\/12\/podtrzeni_NOO-1536x19.png 1536w, https:\/\/www.nooliberec.cz\/wp-content\/uploads\/2021\/12\/podtrzeni_NOO.png 1899w\" sizes=\"auto, (max-width: 1024px) 100vw, 1024px\" \/><\/figure>\n\n\n\n<h2 class=\"wp-block-heading\">Kdo byl JUDr. Karel JARO\u0160?<\/h2>\n\n\n\n<div class=\"wp-block-image\"><figure class=\"aligncenter size-full\"><img loading=\"lazy\" decoding=\"async\" width=\"306\" height=\"415\" src=\"https:\/\/www.nooliberec.cz\/wp-content\/uploads\/2021\/12\/JAROS.png\" alt=\"\" class=\"wp-image-209\" srcset=\"https:\/\/www.nooliberec.cz\/wp-content\/uploads\/2021\/12\/JAROS.png 306w, https:\/\/www.nooliberec.cz\/wp-content\/uploads\/2021\/12\/JAROS-221x300.png 221w\" sizes=\"auto, (max-width: 306px) 100vw, 306px\" \/><\/figure><\/div>\n\n\n\n<p><\/p>\n\n\n\n<p>&nbsp;&nbsp;&nbsp;&nbsp;&nbsp;&nbsp;&nbsp;&nbsp;&nbsp;&nbsp;&nbsp; Narodil se 29. 1. 1899 ve Strakonic\u00edch.<\/p>\n\n\n\n<p>&nbsp;&nbsp;&nbsp;&nbsp;&nbsp;&nbsp;&nbsp;&nbsp;&nbsp;&nbsp;&nbsp; V&nbsp;roce 1924 vstoupil do policejn\u00ed slu\u017eby. Slou\u017eil v&nbsp;Ko\u0161ic\u00edch. Pot\u00e9 se dostal se do Bratislavy, kde sekci st\u00e1tn\u011b bezpe\u010dnostn\u00ed vedl JUDr. Benda, ten jej pov\u011b\u0159il veden\u00edm st\u00e1tn\u011b bezpe\u010dnostn\u00edho odd\u011blen\u00ed, ke kter\u00e9mu n\u00e1le\u017eel cenzurn\u00ed refer\u00e1t a odbo\u010dka zpravodajsk\u00e9 \u00fast\u0159edny. Spole\u010dn\u011b pak putovali do Prahy, kde Benda jako vedouc\u00ed zpravodajsk\u00e9ho odboru p\u0159id\u011blil Jaro\u0161ovi veden\u00ed jednoho z&nbsp;refer\u00e1t\u016f Zpravodajsk\u00e9 \u00fast\u0159edny. V&nbsp;roce prosinci 1936 byl Jaro\u0161 p\u0159elo\u017een do Liberce (\u0159editelem policejn\u00edho \u0159editelstv\u00ed byl JUDr. Benda), kde vedl st\u00e1tn\u011b-bezpe\u010dnostn\u00ed odd\u011blen\u00ed. Zde tak\u00e9 pro\u017eil evakuaci \u0159editelstv\u00ed do Mlad\u00e9 Boleslavi po zabr\u00e1n\u00ed Sudet n\u011bmeckou arm\u00e1dou. Od prosince 1939 je z\u00e1stupcem policejn\u00edho \u0159editele v&nbsp;Praze \u2013 Karl\u00edn\u011b.<\/p>\n\n\n\n<p>&nbsp;&nbsp;&nbsp;&nbsp;&nbsp;&nbsp;&nbsp;&nbsp;&nbsp;&nbsp;&nbsp; Ji\u017e v&nbsp;z\u00e1\u0159\u00ed 1939 jej, p\u0159ed sv\u00fdm odchodem do zahrani\u010d\u00ed, kontaktoval major gen. \u0161t\u00e1bu Jaroslav H\u00e1j\u00ed\u010dek, jeden ze zakladatel\u016f&nbsp; Obrany n\u00e1roda, ve kter\u00e9 vedl \u201ezpravodajskou sekci\u201c, a z\u00edskal jej pro spolupr\u00e1ci. Po jeho odchodu do zahrani\u010d\u00ed na podzim 1939 spolupracoval p\u0159\u00edmo s&nbsp;pplk. Josefem Balab\u00e1nem a \u0161t. kpt. V\u00e1clavem Mor\u00e1vkem.<\/p>\n\n\n\n<p>&nbsp;&nbsp;&nbsp;&nbsp;&nbsp;&nbsp;&nbsp;&nbsp;&nbsp;&nbsp;&nbsp; 3. 5. 1940 byl Karel Jaro\u0161 p\u0159edvol\u00e1n k&nbsp;v\u00fdslechu na pra\u017esk\u00e9 Gestapo. Kv\u016fli sv\u00e9 \u010dinnosti v&nbsp;Liberci byl vysl\u00fdch\u00e1n \u010dasto. Tentokr\u00e1t v\u0161ak patrn\u011b m\u011bl zl\u00e9 tu\u0161en\u00ed. P\u0159es sv\u00e9 kontakty na Gestapu si ov\u011b\u0159oval, kdo ho bude vysl\u00fdchat (byl p\u0159edvol\u00e1n ke stejn\u00e9mu pracovn\u00edkovi vy\u0161et\u0159ovateli jako ji\u017e n\u011bkolikr\u00e1t) a ve kter\u00e9 kancel\u00e1\u0159i. P\u0159ed samotn\u00fdm odchodem instruoval sv\u00e9 nejbli\u017e\u0161\u00ed spolupracovn\u00edky, co je nutno u\u010dinit, pokud se nevr\u00e1t\u00ed v&nbsp;ur\u010den\u00fd \u010das.<\/p>\n\n\n\n<p>&nbsp;&nbsp;&nbsp;&nbsp;&nbsp;&nbsp;&nbsp;&nbsp;&nbsp;&nbsp;&nbsp; Po sv\u00e9m p\u0159\u00edchodu byl zat\u010den a za\u010daly v\u00fdslechy. Jaro\u0161 se odm\u00edtal doznat k&nbsp;nep\u0159\u00e1telsk\u00e9 \u010dinnosti.&nbsp; Pozd\u011bji, po fyzick\u00e9m tr\u00fdzn\u011bn\u00ed, za\u010dal vypov\u00eddat. Rozsah jeho \u010dinnosti byl p\u0159ekvapiv\u00fd.&nbsp;<\/p>\n\n\n\n<p>&nbsp;&nbsp;&nbsp;&nbsp;&nbsp;&nbsp;&nbsp;&nbsp;&nbsp;&nbsp;&nbsp; Asi nejv\u00fdznamn\u011bj\u0161\u00edm Jaro\u0161ov\u00fdm spolupracovn\u00edkem byl Josef Bla\u017eek, nar. 9. 1. 1908. Po praxi v&nbsp;advok\u00e1tn\u00ed kancel\u00e1\u0159i nastoupil v&nbsp;listopadu 1936 k&nbsp;libereck\u00e9 policii (kde spolupracoval s&nbsp;Jaro\u0161em). Po evakuaci policejn\u00edho \u0159editelstv\u00ed v&nbsp;Liberci byl od ledna 1939 p\u0159em\u00edst\u011bn k&nbsp;p\u0159ekladatelsk\u00e9mu odd\u011blen\u00ed Policejn\u00edho \u0159editelstv\u00ed v&nbsp;Praze. Zde z\u0159\u00eddil vlastn\u00ed ileg\u00e1ln\u00ed pracovn\u00ed skupinu tvo\u0159enou policejn\u00edmi agenty<a href=\"#_ftn1\">[1]<\/a> Stanislavem Stodolou, Franti\u0161kem Holcem, Franti\u0161kem \u010cern\u00fdm a kancel\u00e1\u0159sk\u00fdm pomocn\u00edkem<a href=\"#_ftn2\">[2]<\/a> Franti\u0161kem Bene\u0161em, jej\u00edm\u017e \u00fakolem bylo prov\u011b\u0159ovat \u201ez\u00e1jmov\u00e9\u201c osoby, zejm\u00e9na osoby podez\u0159el\u00e9 ze spolupr\u00e1ce s&nbsp;Gestapem a zji\u0161\u0165ovat informace ze spis\u016f.&nbsp; Z\u00edskan\u00e9 informace byly p\u0159ed\u00e1v\u00e1ny Jaro\u0161ovi.<\/p>\n\n\n\n<p>&nbsp;&nbsp;&nbsp;&nbsp;&nbsp;&nbsp;&nbsp;&nbsp;&nbsp;&nbsp;&nbsp; Pro pot\u0159eby organizace byla z\u0159\u00edzena kancel\u00e1\u0159 ve 4. pat\u0159e Odborov\u00e9ho domu v&nbsp;pra\u017esk\u00e9 ulici Na Per\u0161t\u00fdn\u011b. V&nbsp;t\u00e9 se mimo jin\u00e9 pravideln\u011b sch\u00e1zel s&nbsp;pplk. Balab\u00e1nem a \u0161t. kpt. Mor\u00e1vkem. Po Jaro\u0161ov\u011b zat\u010den\u00ed tuto kancel\u00e1\u0159 stihl Bla\u017eek s&nbsp;Mor\u00e1vkem kompletn\u011b vyklidit. P\u0159i t\u00e9to p\u0159\u00edle\u017eitosti Mor\u00e1vek marn\u011b p\u0159emlouval Bla\u017eka k&nbsp;okam\u017eit\u00e9mu odchodu do zahrani\u010d\u00ed.<\/p>\n\n\n\n<p>&nbsp;&nbsp;&nbsp;&nbsp;&nbsp;&nbsp;&nbsp;&nbsp;&nbsp;&nbsp;&nbsp; Jaro\u0161 z\u00edsk\u00e1val informace z&nbsp;prost\u0159ed\u00ed \u010desk\u00fdch fa\u0161ist\u016f a to prost\u0159ednictv\u00edm Miroslava Hl\u00e1vky, \u010dlena v\u00fdboru N\u00e1rodn\u00edho souru\u010denstv\u00ed.<\/p>\n\n\n\n<p>&nbsp;&nbsp;&nbsp;&nbsp;&nbsp;&nbsp;&nbsp;&nbsp;&nbsp;&nbsp;&nbsp; Pro pot\u0159eby \u201eObrany n\u00e1roda\u201c Jaro\u0161 opat\u0159oval fale\u0161n\u00e9 osobn\u00ed pr\u016fkazy. Nevypln\u011bn\u00e9 pr\u016fkazy opat\u0159en\u00e9 v\u0161emi pot\u0159ebn\u00fdmi raz\u00edtky kradl v&nbsp;p\u0159\u00edslu\u0161n\u00e9m odd\u011blen\u00ed pra\u017esk\u00e9ho policejn\u00edho \u0159editelstv\u00ed Bla\u017eek ve spolupr\u00e1ci s&nbsp;kancel\u00e1\u0159sk\u00fdm pomocn\u00edkem Miroslavem Pavl\u016f (za\u0159azen\u00e9m na tomto odd\u011blen\u00ed).<\/p>\n\n\n\n<p>Z\u00edskan\u00e9 informace byly nejen zas\u00edl\u00e1ny do zahrani\u010d\u00ed, ale zpracov\u00e1v\u00e1ny do kartot\u00e9ky, kter\u00e1 m\u011bla slou\u017eit pro pov\u00e1le\u010dn\u00e9 pot\u0159eby. Na jej\u00ed tvorb\u011b kartot\u00e9ce se v\u00fdraznou m\u011brou pod\u00edlel pr\u00e1v\u011b Bla\u017eek. Ve\u0161ker\u00e9 obsa\u017een\u00e9 \u00fadaje, stejn\u011b jako jejich zdroj byly \u0161ifrov\u00e1ny. Uveden\u00e1 kartot\u00e9ka byla pozd\u011bji zaji\u0161t\u011bna v&nbsp;pra\u017esk\u00e9 m\u011bstsk\u00e9 knihovn\u011b, kde ji ukr\u00fdval dr. Milo\u0161 Jirko.<\/p>\n\n\n\n<p class=\"has-medium-font-size\"><strong>Proces<\/strong><\/p>\n\n\n\n<p>&nbsp;&nbsp;&nbsp;&nbsp;&nbsp;&nbsp;&nbsp;&nbsp;&nbsp;&nbsp;&nbsp; &nbsp;Posledn\u00edm zat\u010den\u00fdm v&nbsp;souvislosti s&nbsp;\u010dinnost\u00ed Jaro\u0161ovi skupiny byla Luisa Reichmannov\u00e1, nar. 25. 12.&nbsp; 1904, poch\u00e1zela z&nbsp;Trutnova. V&nbsp;roce 1928 se vdala za \u017eidovsk\u00e9ho obchodn\u00edka, kter\u00fd v&nbsp;roce 1939 emigroval do Anglie. D\u00edky sv\u00e9mu man\u017eelovi se sezn\u00e1mila s&nbsp;anglick\u00fdm redaktorem Perezem, kter\u00fd v&nbsp;Praze pracoval pro den\u00edk \u201eDaily Express\u201c a patrn\u011b pro anglickou v\u00fdzv\u011bdnou slu\u017ebu. Kr\u00e1tce po obsazen\u00ed \u010ceskoslovenska Perez odjel do Budape\u0161ti. Perez se z\u00e1rove\u0148 znal s&nbsp;redaktorem V\u00e1vrou a Reichmannov\u00e1 se stala jejich prost\u0159edn\u00edkem. Do soukrom\u00fdch dopis\u016f, kter\u00e9 do Budape\u0161ti pos\u00edlala, vpisovala citronovou \u0161\u0165\u00e1vou zpr\u00e1vy mezi \u0159\u00e1dky. Tento kan\u00e1l byl odhalen hned na po\u010d\u00e1tku vy\u0161et\u0159ov\u00e1n\u00ed a dopisy byly dopisy sledov\u00e1ny a kontrolov\u00e1ny.&nbsp;&nbsp;<\/p>\n\n\n\n<p>&nbsp;&nbsp;&nbsp;&nbsp;&nbsp;&nbsp;&nbsp;&nbsp;&nbsp;&nbsp;&nbsp; Zji\u0161t\u011bn\u00e1 \u010dinnost skupiny a jej\u00ed rozsah nakonec vedl k&nbsp;tomu, \u017ee skupinou se Lidov\u00fd soudn\u00ed dv\u016fr v&nbsp;Berl\u00edn\u011b zab\u00fdval v&nbsp;samostatn\u00e9m procesu. Bylo souzeno 24 osob. Rozsudek byl vynesen 11. 6. 1942, 9 osob bylo odsouzeno k&nbsp;trestu smrti, zb\u00fdvaj\u00edc\u00edch 15 skon\u010dilo v&nbsp;koncentra\u010dn\u00edch t\u00e1borech, kde jich 6 zahynulo.<\/p>\n\n\n\n<p>&nbsp;&nbsp;&nbsp;&nbsp;&nbsp;&nbsp;&nbsp;&nbsp;&nbsp;&nbsp;&nbsp; Dne 18. prosince 1942 byli v&nbsp;Berl\u00ednsk\u00e9 v\u011bznici Pl\u00f6tzensee s\u0165ati policejn\u00ed rada JUDr. Karel Jaro\u0161, policejn\u00ed kancel\u00e1\u0159sk\u00fd pomocn\u00edk Josef Bla\u017eek, vrchn\u00ed policejn\u00ed sekret\u00e1\u0159 Karel Hab\u00e1n, vrchn\u00ed ministersk\u00fd komisa\u0159 Ivan K\u0159iklava, sek\u010dn\u00ed rada Ji\u0159\u00ed Sedm\u00edk, zubn\u00ed l\u00e9ka\u0159 Old\u0159ich Hlav\u00e1\u010d, editor Hugo V\u00e1vra, stenotypistka Luise Reichmannov\u00e1. 22. prosince 1942 pak&nbsp; policejn\u00ed inspektor Franti\u0161ek \u0160vab\u00edk.<\/p>\n\n\n\n<p>Dal\u0161\u00edmi policisty, jejich\u017e jm\u00e9na budou uvedena na pam\u00e1tn\u00edku jsou:<\/p>\n\n\n\n<p>1) P\u0159\u00edslu\u0161n\u00edci neuniformovan\u00e9ho odd\u011blen\u00ed policejn\u00edho \u0159editelstv\u00ed v Liberci<\/p>\n\n\n\n<p>Josef Bla\u017eek, kancel\u00e1\u0159sk\u00fd pomocn\u00edk, nar. 9. ledna 1908 v&nbsp;Liberci<\/p>\n\n\n\n<ul class=\"wp-block-list\"><li>Po n\u011bkolika let\u00e9 praxi v&nbsp;advok\u00e1tn\u00ed kancel\u00e1\u0159i, vstoupil dne 2.11.1936 do policejn\u00ed slu\u017eeb. Pracoval na odd\u011blen\u00ed st\u00e1tn\u00ed bezpe\u010dnosti a z\u00e1hy se stal pro sv\u00e9 mimo\u0159\u00e1dn\u00e9 schopnosti pravou rukou Dr. Jaro\u0161e, jak s&nbsp;oblibou Dr. Jaro\u0161 \u0159\u00edk\u00e1val. Po evakuaci libereck\u00e9ho \u00fa\u0159adu konal slu\u017ebu u zpravodajsk\u00e9 odbo\u010dky v&nbsp;Ml. Boleslavi a od 4.1.1939 u policejn\u00edho \u0159editelstv\u00ed v&nbsp;Praze, v&nbsp;Presidiu B. Potom co Dr. Jaro\u0161 nav\u00e1zal spojen\u00ed s&nbsp;vojenskou ileg\u00e1ln\u00ed organizac\u00ed \u201eObrana n\u00e1roda\u201c, obr\u00e1til s&nbsp;v&nbsp;prv\u00e9 \u0159ad\u011b se \u017e\u00e1dost\u00ed o spolupr\u00e1ci na J. Bla\u017eka, ten jej p\u0159ijal s&nbsp;nad\u0161en\u00edm. Bla\u017eek byl sv\u011bdomit\u00fdm, ne\u00fanavn\u00fdm a iniciativn\u00edm pracovn\u00edkem. Dr. Jaro\u0161 jej pov\u011b\u0159oval velmi obt\u00ed\u017en\u00fdmi \u00fakoly, kter\u00fdch se Bla\u017eek t\u00e9m\u011b\u0159 v\u017edy s&nbsp;\u00fasp\u011bchem zhostil. Byl mimo jin\u00e9 pov\u011b\u0159ov\u00e1n z\u00edsk\u00e1v\u00e1n\u00edm nov\u00fdch spolupracovn\u00edk\u016f, kter\u00e9 dirigoval a od kter\u00fdch p\u0159eb\u00edral zpr\u00e1vy pro Dr. Jaro\u0161e. Kdy\u017e byl dne 3.5.1940 Dr. Jaro\u0161 zat\u010den, p\u0159emlouval pplk. Balab\u00e1n Bla\u017eka, aby uprchl, av\u0161ak Bla\u017eek odm\u00edtl. Zat\u010den byl 6.5.1940 a v&nbsp;l\u00e9t\u011b 1942 odsouzen pro p\u0159\u00edpravu velezrady k&nbsp;trestu smrti. Dne 18.12.1942 byl v&nbsp;Berl\u00edn\u011b spolu s&nbsp;Dr. Jaro\u0161em popraven.<\/li><\/ul>\n\n\n\n<p>Stanislav Stodola, policejn\u00ed agent, nar. 19.9.1911 v&nbsp;Praze,<\/p>\n\n\n\n<ul class=\"wp-block-list\"><li>po evakuaci policejn\u00edho \u0159editelstv\u00ed v&nbsp;Liberci byl p\u0159id\u011blen k&nbsp;v\u00fdkonu slu\u017eby v&nbsp;okresn\u00edm \u00fa\u0159adu v&nbsp;Kol\u00edn\u011b, v&nbsp;kv\u011btnu 1939 byl p\u0159elo\u017een do Prhy do Presidia B policejn\u00edho \u0159editelstv\u00ed. Kr\u00e1tce po p\u0159\u00edchodu do Prahy nav\u00e1zal styk s&nbsp;Bla\u017ekem a stal se velmi platn\u00fdm spolupracovn\u00edkem hnut\u00ed, veden\u00e9m Dr. Jaro\u0161em. Dne 13.12.1940 byl zat\u010den pro p\u0159\u00edpravu velezrady. Kr\u00e1tce po zat\u010den\u00ed byl p\u0159evezen do Dr\u00e1\u017e\u010fan a n\u00e1sledn\u011b do koncentra\u010dn\u00edho t\u00e1bora Osv\u011btim kde dne 16.11.1941 zem\u0159el.<\/li><\/ul>\n\n\n\n<p>Rostislav Kol\u00e1\u0159, policejn\u00ed agent, nar. 17.8.1912 v&nbsp;Brn\u011b<\/p>\n\n\n\n<ul class=\"wp-block-list\"><li>po evakuaci policejn\u00edho \u0159editelstv\u00ed v&nbsp;Liberci se p\u0159esunul do Mlad\u00e9 Boleslavi, odtud byl dne 4.1.1939 p\u0159id\u011blen k&nbsp;v\u00fdkonu slu\u017eby u policejn\u00edho \u0159editelstv\u00ed v&nbsp;Praze. Kr\u00e1tce po vyhl\u00e1\u0161en\u00ed Protektor\u00e1tu organizoval hromadn\u00e9 \u00fat\u011bky do Francie a Anglie. Dne 9. srpna 1939, kdy\u017e se s\u00e1m pokou\u0161el o \u00fat\u011bk byl zat\u010den a po 9 m\u011bs\u00ed\u010dn\u00ed vazb\u011b na Pankr\u00e1ci, p\u0159evezen do v\u011bzen\u00ed v&nbsp;Dr\u00e1\u017e\u010fanech a odtud p\u0159ed lidov\u00fd soud v&nbsp;Berl\u00edn\u011b. T\u00edmto soudem byl odsouzen k&nbsp;3 let\u00e9mu v\u011bzen\u00ed. Trest si odpykal v&nbsp;koncentra\u010dn\u00edm t\u00e1bo\u0159e v&nbsp;Hoyarawege u Br\u00e9m. Dne 9. srpna 1942 byl propu\u0161t\u011bn a zdr\u017eoval se u sv\u00e9 matky v&nbsp;\u010cej\u010di na Morav\u011b a pracoval jako \u00fa\u0159edn\u00edk. Dne 29. \u0159\u00edjna 1942 byl na p\u0159\u00edkaz pra\u017esk\u00e9ho gestapa znovu zat\u010den a odvezen do pankr\u00e1ck\u00e9 v\u011bznice a odtud do Mal\u00e9 pevnosti v&nbsp;Terez\u00edn\u011b. V&nbsp;prvn\u00ed polovin\u011b ledna 1943 byl p\u0159evezen do koncentra\u010dn\u00edho t\u00e1bora v&nbsp;Osv\u011btimi, kde 25.2.1943 zem\u0159el.&nbsp;<\/li><\/ul>\n\n\n\n<p>Franti\u0161ek \u010cejka, akt. Adjunkt, nar. 5.3.1912 ve Slatin\u011b<\/p>\n\n\n\n<ul class=\"wp-block-list\"><li>vstoupil do policejn\u00edch slu\u017eeb u policejn\u00edho \u0159editelstv\u00ed v&nbsp;Liberci v&nbsp;roce 1936. V&nbsp;roce 1938 byl jmenov\u00e1n spr\u00e1vcem expozitury v&nbsp;Nov\u00e9m M\u011bst\u011b pod Smrkem, kde setrval a\u017e do okupace Sudet. V&nbsp;roce 1938 byl p\u0159elo\u017een k&nbsp;policejn\u00edmu \u0159editelstv\u00ed v&nbsp;\u010cesk\u00fdch Bud\u011bjovic\u00edch. V&nbsp;\u010cesk\u00fdch Bud\u011bjovic\u00edch se stal kr\u00e1tce po prohl\u00e1\u0161en\u00ed Protektor\u00e1tu \u010dlenem ileg\u00e1ln\u00ed skupiny spolu s&nbsp;Rudolfem Krz\u00e1kem, Franti\u0161kem Klaschkou a Josefem Svobodu. \u010cejka opat\u0159en\u00edm fale\u0161n\u00e9ho cestovn\u00edho pasu pomohl Rudolfu Krz\u00e1kovi k&nbsp;\u00fat\u011bku do Franice. Krz\u00e1k udr\u017eoval se zbyl\u00fdmi p\u00edsemn\u00fd styk, hlavn\u011b pomoc\u00ed para\u0161utist\u016f. Neopatrnost\u00ed Krz\u00e1kova otce byla jejich \u010dinnost prozrazena a Fr. \u010cejka s&nbsp;Klaschkou a Svobodou byli gestapem dne 22.8.1942&nbsp; zat\u010deni. \u010cejka byl kr\u00e1tce po zat\u010den\u00ed d\u00e1n do koncentra\u010dn\u00edho t\u00e1bora B\u00fcrkenau u Osv\u011btimi, kde dne 13. kv\u011btna 1943 zem\u0159el.<\/li><\/ul>\n\n\n\n<p>2) P\u0159\u00edslu\u0161n\u00edci uniformovan\u00e9 policie, kte\u0159\u00ed do roku 1938 slou\u017eili na policejn\u00edm \u0159editelstv\u00ed v Liberci:<\/p>\n\n\n\n<p>str\u017em. Vil\u00e9m Vesel\u00fd, nar. 3.1.1913,<\/p>\n\n\n\n<ul class=\"wp-block-list\"><li>byl zat\u010den dne 17.7.1941 pro roz\u0161i\u0159ov\u00e1n\u00ed ileg\u00e1ln\u00ed let\u00e1k\u016f a tiskopis\u016f \u201eV boj\u201c. Lidov\u00fdm soudem v&nbsp;Berl\u00edn\u011b odsouzen pro p\u0159\u00edpravu velezrady k&nbsp;trestu smrti a dne 10.6.1943 popraven.<\/li><\/ul>\n\n\n\n<p>str\u017em. Sylvestr Km\u00ednek, nar. 17.6.1917<\/p>\n\n\n\n<ul class=\"wp-block-list\"><li>zat\u010den dne 18.3.1941 je\u0161t\u011b s&nbsp;jin\u00fdmi kolegy z&nbsp;nuselsk\u00e9ho komisa\u0159stv\u00ed pro roz\u0161i\u0159ov\u00e1n\u00ed&nbsp; ileg\u00e1ln\u00edch let\u00e1k\u016f a tiskopisu \u201eV Boj\u201c. Dne 16.3.1942 zem\u0159el v&nbsp;koncentra\u010dn\u00edm t\u00e1bo\u0159e Osv\u011btim.<\/li><\/ul>\n\n\n\n<p>str\u017em. V\u00e1clav Be\u010dv\u00e1\u0159, nar. 29.7.1913, padl p\u0159i Pra\u017esk\u00e9m povst\u00e1n\u00ed dne 6.5.1945 na Pra\u017ea\u010dce<\/p>\n\n\n\n<p>str\u017em. \u010cen\u011bk \u010cerm\u00e1k, nar. 26.10.1913, padl p\u0159i Pra\u017esk\u00e9m povst\u00e1n\u00ed dne&nbsp; 5.5.1945 v Libni<\/p>\n\n\n\n<p>str\u017em. Franti\u0161ek Otradovec, nar. 30.1.1912, padl p\u0159i Pra\u017esk\u00e9m povst\u00e1n\u00ed dne 8.5.1945 na Sm\u00edchov\u011b<\/p>\n\n\n\n<p>str\u017em. Alois Nov\u00e1k, nar. 17.6.1913, padl p\u0159i Pra\u017esk\u00e9m povst\u00e1n\u00ed dne 9.5.1945 na P\u0159\u00edkopech<\/p>\n\n\n\n<p class=\"has-medium-font-size\"><strong>N\u00e1vrh n\u00e1pisu na pam\u00e1tn\u00edku<\/strong><\/p>\n\n\n\n<p>\u2026 v&nbsp;sad\u011b skv\u00ed se jara kv\u011bt, zemsk\u00fd r\u00e1j to na pohled\u2026 <strong>JUDr. Karel Jaro\u0161 <\/strong>\u2026p\u0159\u00edsah\u00e1m p\u0159i v\u0161em, co jest mi svato\u2026 <strong>Josef Bla\u017eek<\/strong> \u2026rozkaz\u016f sv\u00fdch velitel\u016f ochotn\u011b poslu\u0161en\u2026&nbsp; <strong>Stanislav Stodola \u2026<\/strong>ne\u0161et\u0159e sv\u00e9 krve ani \u017eivota\u2026 <strong>Franti\u0161ek \u010cejka<\/strong> \u2026budu \u010destn\u00fdm, state\u010dn\u00fdm a uk\u00e1zn\u011bn\u00fdm policistou\u2026 <strong>Rostislav Kol\u00e1\u0159<\/strong>&nbsp; \u2026jsem p\u0159ipraven vynalo\u017eit v\u0161echny sv\u00e9 s\u00edly i schopnosti\u2026&nbsp; <strong>Vil\u00e9m Vesel\u00fd<\/strong>&nbsp; \u2026budu se \u0159\u00eddit \u00fastavou a z\u00e1kony\u2026 <strong>Sylvestr Km\u00ednek<\/strong>&nbsp; \u2026plnit \u0159\u00e1dn\u011b a sv\u011bdomit\u011b a nebudu v\u00e1hat\u2026 <strong>V\u00e1clav Be\u010dv\u00e1\u0159<\/strong>&nbsp; \u2026pro zachov\u00e1n\u00ed ve\u0159ejn\u00e9ho po\u0159\u00e1dku, klidu a bezpe\u010dnosti\u2026 <strong>Pavel Kor\u00e1bek<\/strong> \u2026v&nbsp;pln\u00e9 shod\u011b se sv\u00fdm sv\u011bdom\u00edm a p\u0159esv\u011bd\u010den\u00edm\u2026&nbsp; <strong>\u010cen\u011bk \u010cerm\u00e1k<\/strong> \u2026nasadit i vlastn\u00ed \u017eivot\u2026 <strong>Franti\u0161ek Otradovec<\/strong> \u2026Tak p\u0159\u00edsah\u00e1m!<\/p>\n\n\n\n<p>Text obsahuje \u00faryvek st\u00e1tn\u00ed hymny a d\u00e1le \u00faryvky z p\u0159\u00edsah a slu\u017eebn\u00edho slibu bezpe\u010dnostn\u00edch sbor\u016f (\u010detnictva, policie, SNB) od roku 1871do sou\u010dasnosti.<\/p>\n\n\n\n<hr class=\"wp-block-separator\"\/>\n\n\n\n<p><a href=\"#_ftnref1\">[1]<\/a>Hodnost odpov\u00eddaj\u00edc\u00ed vojensk\u00e9 hodnosti des\u00e1tn\u00edka a\u017e rotn\u00e9ho, \u010detnick\u00e9 hodnosti des\u00e1tn\u00edka a\u017e z\u00e1vod\u010d\u00edho a&nbsp; hodnosti str\u00e1\u017en\u00edka a\u017e nadstr\u00e1\u017en\u00edka uniformovan\u00e9 policie.<\/p>\n\n\n\n<p><a href=\"#_ftnref2\">[2]<\/a>Hodnost odpov\u00eddaj\u00edc\u00ed vojensk\u00e9 hodnosti rotmistra, \u010detnick\u00e9 hodnosti str\u00e1\u017emistra a hodnosti obvodn\u00edho inspektora II. t\u0159\u00eddy uniformovan\u00e9 policie.<\/p>\n","protected":false},"excerpt":{"rendered":"<p>Kdo vybudov\u00e1n\u00ed sadu a pam\u00e1tn\u00edku ji\u017e podpo\u0159il \u010d\u00e1skou Libereck\u00fd kraj 50.000,- K\u010d plk. Mgr. Ond\u0159ej Musil, \u0159editel K\u0158PL 20.000,- K\u010d Nez\u00e1visl\u00e1 odborov\u00e1 organizace Policie \u010cesk\u00e9 republiky Liberec 10.000,- K\u010d N\u00e1m\u011bstek pro vn\u011bj\u0161\u00ed slu\u017ebu K\u0158PL a jemu pod\u0159\u00edzen\u00e9 \u00fatvary 16.000,- K\u010d Nadace Syner 10.000,- K\u010d Mgr. Zde\u0148ka Krej\u010dov\u00e1 9.900,- K\u010d Odbor hospod\u00e1\u0159sk\u00e9 kriminality, Krajsk\u00e9 \u0159editelstv\u00ed Libereck\u00e9ho &hellip;<br \/><a href=\"https:\/\/www.nooliberec.cz\/index.php\/vybudovani-sadu\/\" class=\"more-link pen_button pen_element_default pen_icon_arrow_double\">Pokra\u010dovat ve\u00a0\u010dten\u00ed <span class=\"screen-reader-text\">Vybudov\u00e1n\u00ed sadu \u201eJUDr. Karla Jaro\u0161e\u201c v Liberci<\/span><\/a><\/p>\n","protected":false},"author":2,"featured_media":0,"parent":0,"menu_order":0,"comment_status":"closed","ping_status":"closed","template":"","meta":{"footnotes":""},"class_list":["post-208","page","type-page","status-publish","hentry"],"_links":{"self":[{"href":"https:\/\/www.nooliberec.cz\/index.php\/wp-json\/wp\/v2\/pages\/208","targetHints":{"allow":["GET"]}}],"collection":[{"href":"https:\/\/www.nooliberec.cz\/index.php\/wp-json\/wp\/v2\/pages"}],"about":[{"href":"https:\/\/www.nooliberec.cz\/index.php\/wp-json\/wp\/v2\/types\/page"}],"author":[{"embeddable":true,"href":"https:\/\/www.nooliberec.cz\/index.php\/wp-json\/wp\/v2\/users\/2"}],"replies":[{"embeddable":true,"href":"https:\/\/www.nooliberec.cz\/index.php\/wp-json\/wp\/v2\/comments?post=208"}],"version-history":[{"count":7,"href":"https:\/\/www.nooliberec.cz\/index.php\/wp-json\/wp\/v2\/pages\/208\/revisions"}],"predecessor-version":[{"id":279,"href":"https:\/\/www.nooliberec.cz\/index.php\/wp-json\/wp\/v2\/pages\/208\/revisions\/279"}],"wp:attachment":[{"href":"https:\/\/www.nooliberec.cz\/index.php\/wp-json\/wp\/v2\/media?parent=208"}],"curies":[{"name":"wp","href":"https:\/\/api.w.org\/{rel}","templated":true}]}}